{"id":15,"date":"2019-05-26T23:54:35","date_gmt":"2019-05-26T23:54:35","guid":{"rendered":"https:\/\/bamberger-segelclub.de\/blog\/?page_id=15"},"modified":"2023-10-08T04:10:23","modified_gmt":"2023-10-08T02:10:23","slug":"vorstand","status":"publish","type":"page","link":"https:\/\/bamberger-segelclub.de\/blog\/vorstand\/","title":{"rendered":"Vorstand"},"content":{"rendered":"<div class=\"two-third column\">\n<div class=\"item-page\">\n<h2><a href=\"http:\/\/bamberger-segelclub.de\/index.php\/verein\/vorstand\"> Vorstand<\/a><\/h2>\n<p>Die aktuellen Vorstandsmitglieder des Bamberger Segelclub:<\/p>\n<p>1. Vorsitzender:<br \/>\nSten Klimpel<\/p>\n<p>2. Vorsitzender:<br \/>\nMartin L\u00fcker<\/p>\n<p>Kassierer:<br \/>\nWolfgang Och<\/p>\n<p>Schriftf\u00fchrer:<br \/>\nKlaus Winkler<\/p>\n<p>Jugendwartin:<br \/>\nKatja P\u00fctz<\/p>\n<\/div>\n<\/div>\n<p>Platzwarte:<br \/>\nChristian Lorz \/ Michael List<\/p>\n<p>Sportwart:<br \/>\nStefan Strohschneider<\/p>\n<p>Vergn\u00fcgungswartinnen:<br \/>\nChristine Winkler \/ Jutta Dilzer<\/p>\n<p>Pressewart:<br \/>\nArnd\u00a0 R\u00fcttger<\/p>\n<p>&nbsp;<\/p>\n<p>&nbsp;<\/p>\n<p><img decoding=\"async\" class=\"alignnone size-large wp-image-203\" src=\"https:\/\/www.bamberger-segelclub.de\/blog\/wp-content\/uploads\/2019\/06\/1906-BaSC-Logoanpassung-Logo-auf-Rot-Blog-e1561312078992-1024x1024.png\" alt=\"\" width=\"1024\" height=\"1024\" srcset=\"https:\/\/www.bamberger-segelclub.de\/blog\/wp-content\/uploads\/2019\/06\/1906-BaSC-Logoanpassung-Logo-auf-Rot-Blog-e1561312078992-66x66.png 66w, https:\/\/www.bamberger-segelclub.de\/blog\/wp-content\/uploads\/2019\/06\/1906-BaSC-Logoanpassung-Logo-auf-Rot-Blog-e1561312078992-150x150.png 150w, https:\/\/www.bamberger-segelclub.de\/blog\/wp-content\/uploads\/2019\/06\/1906-BaSC-Logoanpassung-Logo-auf-Rot-Blog-e1561312078992-200x200.png 200w, https:\/\/www.bamberger-segelclub.de\/blog\/wp-content\/uploads\/2019\/06\/1906-BaSC-Logoanpassung-Logo-auf-Rot-Blog-e1561312078992-300x300.png 300w, https:\/\/www.bamberger-segelclub.de\/blog\/wp-content\/uploads\/2019\/06\/1906-BaSC-Logoanpassung-Logo-auf-Rot-Blog-e1561312078992-400x400.png 400w, https:\/\/www.bamberger-segelclub.de\/blog\/wp-content\/uploads\/2019\/06\/1906-BaSC-Logoanpassung-Logo-auf-Rot-Blog-e1561312078992-600x600.png 600w, https:\/\/www.bamberger-segelclub.de\/blog\/wp-content\/uploads\/2019\/06\/1906-BaSC-Logoanpassung-Logo-auf-Rot-Blog-e1561312078992-768x768.png 768w, https:\/\/www.bamberger-segelclub.de\/blog\/wp-content\/uploads\/2019\/06\/1906-BaSC-Logoanpassung-Logo-auf-Rot-Blog-e1561312078992-800x800.png 800w, https:\/\/www.bamberger-segelclub.de\/blog\/wp-content\/uploads\/2019\/06\/1906-BaSC-Logoanpassung-Logo-auf-Rot-Blog-e1561312078992-1024x1024.png 1024w, https:\/\/www.bamberger-segelclub.de\/blog\/wp-content\/uploads\/2019\/06\/1906-BaSC-Logoanpassung-Logo-auf-Rot-Blog-e1561312078992-1200x1200.png 1200w, https:\/\/www.bamberger-segelclub.de\/blog\/wp-content\/uploads\/2019\/06\/1906-BaSC-Logoanpassung-Logo-auf-Rot-Blog-e1561312078992.png 1227w\" sizes=\"(max-width: 1024px) 100vw, 1024px\" \/><\/p>\n","protected":false},"excerpt":{"rendered":"<p>Vorstand Die aktuellen Vorstandsmitglieder des Bamberger Segelclub: 1. Vorsitzender: Sten Klimpel 2. Vorsitzender: Martin L\u00fcker Kassierer: Wolfgang Och Schriftf\u00fchrer: Klaus Winkler Jugendwartin: Katja P\u00fctz Platzwarte: Christian Lorz \/ Michael List Sportwart: Stefan Strohschneider Vergn\u00fcgungswartinnen: Christine Winkler \/ Jutta Dilzer Pressewart: Arnd\u00a0 R\u00fcttger &nbsp; &nbsp;<\/p>\n","protected":false},"author":1,"featured_media":0,"parent":0,"menu_order":0,"comment_status":"closed","ping_status":"closed","template":"","meta":{"footnotes":""},"class_list":["post-15","page","type-page","status-publish","hentry"],"yoast_head":"<!-- This site is optimized with the Yoast SEO plugin v26.0 - https:\/\/yoast.com\/wordpress\/plugins\/seo\/ -->\n<title>Vorstand - Bamberger Segelclub<\/title>\n<meta name=\"robots\" content=\"index, follow, max-snippet:-1, max-image-preview:large, max-video-preview:-1\" \/>\n<link rel=\"canonical\" href=\"https:\/\/bamberger-segelclub.de\/blog\/vorstand\/\" \/>\n<meta property=\"og:locale\" content=\"de_DE\" \/>\n<meta property=\"og:type\" content=\"article\" \/>\n<meta property=\"og:title\" content=\"Vorstand - Bamberger Segelclub\" \/>\n<meta property=\"og:description\" content=\"Vorstand Die aktuellen Vorstandsmitglieder des Bamberger Segelclub: 1. Vorsitzender: Sten Klimpel 2. Vorsitzender: Martin L\u00fcker Kassierer: Wolfgang Och Schriftf\u00fchrer: Klaus Winkler Jugendwartin: Katja P\u00fctz Platzwarte: Christian Lorz \/ Michael List Sportwart: Stefan Strohschneider Vergn\u00fcgungswartinnen: Christine Winkler \/ Jutta Dilzer Pressewart: Arnd\u00a0 R\u00fcttger &nbsp; &nbsp;\" \/>\n<meta property=\"og:url\" content=\"https:\/\/bamberger-segelclub.de\/blog\/vorstand\/\" \/>\n<meta property=\"og:site_name\" content=\"Bamberger Segelclub\" \/>\n<meta property=\"article:modified_time\" content=\"2023-10-08T02:10:23+00:00\" \/>\n<meta property=\"og:image\" content=\"https:\/\/www.bamberger-segelclub.de\/blog\/wp-content\/uploads\/2019\/06\/1906-BaSC-Logoanpassung-Logo-auf-Rot-Blog-e1561312078992-1024x1024.png\" \/>\n<meta name=\"twitter:card\" content=\"summary_large_image\" \/>\n<meta name=\"twitter:label1\" content=\"Gesch\u00e4tzte Lesezeit\" \/>\n\t<meta name=\"twitter:data1\" content=\"1\u00a0Minute\" \/>\n<script type=\"application\/ld+json\" class=\"yoast-schema-graph\">{\"@context\":\"https:\/\/schema.org\",\"@graph\":[{\"@type\":\"WebPage\",\"@id\":\"https:\/\/bamberger-segelclub.de\/blog\/vorstand\/\",\"url\":\"https:\/\/bamberger-segelclub.de\/blog\/vorstand\/\",\"name\":\"Vorstand - Bamberger Segelclub\",\"isPartOf\":{\"@id\":\"https:\/\/bamberger-segelclub.de\/blog\/#website\"},\"primaryImageOfPage\":{\"@id\":\"https:\/\/bamberger-segelclub.de\/blog\/vorstand\/#primaryimage\"},\"image\":{\"@id\":\"https:\/\/bamberger-segelclub.de\/blog\/vorstand\/#primaryimage\"},\"thumbnailUrl\":\"https:\/\/www.bamberger-segelclub.de\/blog\/wp-content\/uploads\/2019\/06\/1906-BaSC-Logoanpassung-Logo-auf-Rot-Blog-e1561312078992-1024x1024.png\",\"datePublished\":\"2019-05-26T23:54:35+00:00\",\"dateModified\":\"2023-10-08T02:10:23+00:00\",\"breadcrumb\":{\"@id\":\"https:\/\/bamberger-segelclub.de\/blog\/vorstand\/#breadcrumb\"},\"inLanguage\":\"de\",\"potentialAction\":[{\"@type\":\"ReadAction\",\"target\":[\"https:\/\/bamberger-segelclub.de\/blog\/vorstand\/\"]}]},{\"@type\":\"ImageObject\",\"inLanguage\":\"de\",\"@id\":\"https:\/\/bamberger-segelclub.de\/blog\/vorstand\/#primaryimage\",\"url\":\"https:\/\/www.bamberger-segelclub.de\/blog\/wp-content\/uploads\/2019\/06\/1906-BaSC-Logoanpassung-Logo-auf-Rot-Blog-e1561312078992-1024x1024.png\",\"contentUrl\":\"https:\/\/www.bamberger-segelclub.de\/blog\/wp-content\/uploads\/2019\/06\/1906-BaSC-Logoanpassung-Logo-auf-Rot-Blog-e1561312078992-1024x1024.png\"},{\"@type\":\"BreadcrumbList\",\"@id\":\"https:\/\/bamberger-segelclub.de\/blog\/vorstand\/#breadcrumb\",\"itemListElement\":[{\"@type\":\"ListItem\",\"position\":1,\"name\":\"Home\",\"item\":\"https:\/\/bamberger-segelclub.de\/blog\/\"},{\"@type\":\"ListItem\",\"position\":2,\"name\":\"Vorstand\"}]},{\"@type\":\"WebSite\",\"@id\":\"https:\/\/bamberger-segelclub.de\/blog\/#website\",\"url\":\"https:\/\/bamberger-segelclub.de\/blog\/\",\"name\":\"Bamberger Segelclub\",\"description\":\"Segeln und mehr!\",\"potentialAction\":[{\"@type\":\"SearchAction\",\"target\":{\"@type\":\"EntryPoint\",\"urlTemplate\":\"https:\/\/bamberger-segelclub.de\/blog\/?s={search_term_string}\"},\"query-input\":{\"@type\":\"PropertyValueSpecification\",\"valueRequired\":true,\"valueName\":\"search_term_string\"}}],\"inLanguage\":\"de\"}]}<\/script>\n<!-- \/ Yoast SEO plugin. -->","yoast_head_json":{"title":"Vorstand - Bamberger Segelclub","robots":{"index":"index","follow":"follow","max-snippet":"max-snippet:-1","max-image-preview":"max-image-preview:large","max-video-preview":"max-video-preview:-1"},"canonical":"https:\/\/bamberger-segelclub.de\/blog\/vorstand\/","og_locale":"de_DE","og_type":"article","og_title":"Vorstand - Bamberger Segelclub","og_description":"Vorstand Die aktuellen Vorstandsmitglieder des Bamberger Segelclub: 1. Vorsitzender: Sten Klimpel 2. Vorsitzender: Martin L\u00fcker Kassierer: Wolfgang Och Schriftf\u00fchrer: Klaus Winkler Jugendwartin: Katja P\u00fctz Platzwarte: Christian Lorz \/ Michael List Sportwart: Stefan Strohschneider Vergn\u00fcgungswartinnen: Christine Winkler \/ Jutta Dilzer Pressewart: Arnd\u00a0 R\u00fcttger &nbsp; &nbsp;","og_url":"https:\/\/bamberger-segelclub.de\/blog\/vorstand\/","og_site_name":"Bamberger Segelclub","article_modified_time":"2023-10-08T02:10:23+00:00","og_image":[{"url":"https:\/\/www.bamberger-segelclub.de\/blog\/wp-content\/uploads\/2019\/06\/1906-BaSC-Logoanpassung-Logo-auf-Rot-Blog-e1561312078992-1024x1024.png","type":"","width":"","height":""}],"twitter_card":"summary_large_image","twitter_misc":{"Gesch\u00e4tzte Lesezeit":"1\u00a0Minute"},"schema":{"@context":"https:\/\/schema.org","@graph":[{"@type":"WebPage","@id":"https:\/\/bamberger-segelclub.de\/blog\/vorstand\/","url":"https:\/\/bamberger-segelclub.de\/blog\/vorstand\/","name":"Vorstand - Bamberger Segelclub","isPartOf":{"@id":"https:\/\/bamberger-segelclub.de\/blog\/#website"},"primaryImageOfPage":{"@id":"https:\/\/bamberger-segelclub.de\/blog\/vorstand\/#primaryimage"},"image":{"@id":"https:\/\/bamberger-segelclub.de\/blog\/vorstand\/#primaryimage"},"thumbnailUrl":"https:\/\/www.bamberger-segelclub.de\/blog\/wp-content\/uploads\/2019\/06\/1906-BaSC-Logoanpassung-Logo-auf-Rot-Blog-e1561312078992-1024x1024.png","datePublished":"2019-05-26T23:54:35+00:00","dateModified":"2023-10-08T02:10:23+00:00","breadcrumb":{"@id":"https:\/\/bamberger-segelclub.de\/blog\/vorstand\/#breadcrumb"},"inLanguage":"de","potentialAction":[{"@type":"ReadAction","target":["https:\/\/bamberger-segelclub.de\/blog\/vorstand\/"]}]},{"@type":"ImageObject","inLanguage":"de","@id":"https:\/\/bamberger-segelclub.de\/blog\/vorstand\/#primaryimage","url":"https:\/\/www.bamberger-segelclub.de\/blog\/wp-content\/uploads\/2019\/06\/1906-BaSC-Logoanpassung-Logo-auf-Rot-Blog-e1561312078992-1024x1024.png","contentUrl":"https:\/\/www.bamberger-segelclub.de\/blog\/wp-content\/uploads\/2019\/06\/1906-BaSC-Logoanpassung-Logo-auf-Rot-Blog-e1561312078992-1024x1024.png"},{"@type":"BreadcrumbList","@id":"https:\/\/bamberger-segelclub.de\/blog\/vorstand\/#breadcrumb","itemListElement":[{"@type":"ListItem","position":1,"name":"Home","item":"https:\/\/bamberger-segelclub.de\/blog\/"},{"@type":"ListItem","position":2,"name":"Vorstand"}]},{"@type":"WebSite","@id":"https:\/\/bamberger-segelclub.de\/blog\/#website","url":"https:\/\/bamberger-segelclub.de\/blog\/","name":"Bamberger Segelclub","description":"Segeln und mehr!","potentialAction":[{"@type":"SearchAction","target":{"@type":"EntryPoint","urlTemplate":"https:\/\/bamberger-segelclub.de\/blog\/?s={search_term_string}"},"query-input":{"@type":"PropertyValueSpecification","valueRequired":true,"valueName":"search_term_string"}}],"inLanguage":"de"}]}},"_links":{"self":[{"href":"https:\/\/bamberger-segelclub.de\/blog\/wp-json\/wp\/v2\/pages\/15","targetHints":{"allow":["GET"]}}],"collection":[{"href":"https:\/\/bamberger-segelclub.de\/blog\/wp-json\/wp\/v2\/pages"}],"about":[{"href":"https:\/\/bamberger-segelclub.de\/blog\/wp-json\/wp\/v2\/types\/page"}],"author":[{"embeddable":true,"href":"https:\/\/bamberger-segelclub.de\/blog\/wp-json\/wp\/v2\/users\/1"}],"replies":[{"embeddable":true,"href":"https:\/\/bamberger-segelclub.de\/blog\/wp-json\/wp\/v2\/comments?post=15"}],"version-history":[{"count":10,"href":"https:\/\/bamberger-segelclub.de\/blog\/wp-json\/wp\/v2\/pages\/15\/revisions"}],"predecessor-version":[{"id":2156,"href":"https:\/\/bamberger-segelclub.de\/blog\/wp-json\/wp\/v2\/pages\/15\/revisions\/2156"}],"wp:attachment":[{"href":"https:\/\/bamberger-segelclub.de\/blog\/wp-json\/wp\/v2\/media?parent=15"}],"curies":[{"name":"wp","href":"https:\/\/api.w.org\/{rel}","templated":true}]}}