{"id":245,"date":"2019-08-11T14:48:44","date_gmt":"2019-08-11T12:48:44","guid":{"rendered":"https:\/\/bamberger-segelclub.de\/?page_id=245"},"modified":"2019-08-20T16:53:52","modified_gmt":"2019-08-20T14:53:52","slug":"1904-skippertraining-vor-fehmarn","status":"publish","type":"page","link":"https:\/\/bamberger-segelclub.de\/blog\/1904-skippertraining-vor-fehmarn\/","title":{"rendered":"1904 Skippertraining vor Fehmarn"},"content":{"rendered":"<p><div class=\"fusion-fullwidth fullwidth-box fusion-builder-row-1 nonhundred-percent-fullwidth non-hundred-percent-height-scrolling\" style=\"--awb-border-radius-top-left:0px;--awb-border-radius-top-right:0px;--awb-border-radius-bottom-right:0px;--awb-border-radius-bottom-left:0px;--awb-flex-wrap:wrap;\" ><div class=\"fusion-builder-row fusion-row\"><div class=\"fusion-layout-column fusion_builder_column fusion-builder-column-0 fusion_builder_column_2_3 2_3 fusion-two-third fusion-column-first\" style=\"--awb-bg-size:cover;width:66.666666666667%;width:calc(66.666666666667% - ( ( 4% ) * 0.66666666666667 ) );margin-right: 4%;\"><div class=\"fusion-column-wrapper fusion-column-has-shadow fusion-flex-column-wrapper-legacy\"><div class=\"fusion-text fusion-text-1\"><h1>Sonne, Spinnaker und Skippertraining<\/h1>\n<h2>Vier Tage Segeltraining vor Fehmarn<\/h2>\n<div><\/div>\n<div>Auch der Skipper kann man gar nicht genug trainieren \u2013 also meldeten sich (unabh\u00e4ngig von einander) gleich drei vom Bamberger Segelclub an f\u00fcr vier Tage volles \u00dcbungsprogramm \u00fcber Ostern auf der X412 der Segelschule Oberau. Am Gr\u00fcndonnerstag trafen wir drei sowie ein weiteres Crewmitglied uns im Hafen von Orth, genossen noch im &#8222;Kap Orth&#8220; ein sp\u00e4tes Abendessen und besprachen gleich die kommenden Tage.<\/div>\n<div>Freitag fuhren wir aus der Box und es gab gleich erste \u00dcbungen im Hafen Orth\/Fehmarn zum Warmwerden, damit wir das Boot kennenlernten: Wenden auf engstem Raum, An- und Ablegen l\u00e4ngsseits mit verschiedenen M\u00f6glichkeiten.<\/div>\n<div>Dann raus aus dem Hafen und aus der Orther Buch durch den Fehmarnsund und unter der Br\u00fccke durch. Vor dem Hafen Burgtiefe einige \u00dcbungsman\u00f6ver, dann Anlegen und Kaffee genie\u00dfen.<\/div>\n<div>Abends anderen Liegeplatz suchen f\u00fcr die Nacht und entspanntes Speisen an Bord.<\/div>\n<div><\/div>\n<\/div><div class=\"fusion-clearfix\"><\/div><\/div><\/div><div class=\"fusion-layout-column fusion_builder_column fusion-builder-column-1 fusion_builder_column_1_3 1_3 fusion-one-third fusion-column-last\" style=\"--awb-bg-size:cover;width:33.333333333333%;width:calc(33.333333333333% - ( ( 4% ) * 0.33333333333333 ) );\"><div class=\"fusion-column-wrapper fusion-column-has-shadow fusion-flex-column-wrapper-legacy\"><a class=\"awb-lightbox awb-lightbox-1\" href=\"https:\/\/www.bamberger-segelclub.de\/blog\/wp-content\/uploads\/2019\/08\/1904_Skippertraining_Fehmarn_BASC_-1904_Skippertraining_Fehmarn_BASC_IMG_7024-768x1024.jpg\" data-rel=\"iLightbox\"><img decoding=\"async\" src=\"https:\/\/www.bamberger-segelclub.de\/blog\/wp-content\/uploads\/2019\/08\/1904_Skippertraining_Fehmarn_BASC_-1904_Skippertraining_Fehmarn_BASC_IMG_7024-768x1024.jpg\"><\/a><div class=\"fusion-clearfix\"><\/div><\/div><\/div><\/div><\/div><div class=\"fusion-fullwidth fullwidth-box fusion-builder-row-2 nonhundred-percent-fullwidth non-hundred-percent-height-scrolling\" style=\"--awb-border-radius-top-left:0px;--awb-border-radius-top-right:0px;--awb-border-radius-bottom-right:0px;--awb-border-radius-bottom-left:0px;--awb-padding-top:40px;--awb-padding-bottom:40px;--awb-flex-wrap:wrap;\" ><div class=\"fusion-builder-row fusion-row\"><div class=\"fusion-layout-column fusion_builder_column fusion-builder-column-2 fusion_builder_column_1_2 1_2 fusion-one-half fusion-column-first\" style=\"--awb-bg-size:cover;width:50%;width:calc(50% - ( ( 4% ) * 0.5 ) );margin-right: 4%;\"><div class=\"fusion-column-wrapper fusion-column-has-shadow fusion-flex-column-wrapper-legacy\"><a class=\"awb-lightbox awb-lightbox-2\" href=\"https:\/\/www.bamberger-segelclub.de\/blog\/wp-content\/uploads\/2019\/08\/1904_Skippertraining_Fehmarn_BASC_-1904_Skippertraining_Fehmarn_BASC_IMG_7111-1024x768.jpg\" data-rel=\"iLightbox\"><img decoding=\"async\" src=\"https:\/\/www.bamberger-segelclub.de\/blog\/wp-content\/uploads\/2019\/08\/1904_Skippertraining_Fehmarn_BASC_-1904_Skippertraining_Fehmarn_BASC_IMG_7111-1024x768.jpg\"><\/a><div class=\"fusion-clearfix\"><\/div><\/div><\/div><div class=\"fusion-layout-column fusion_builder_column fusion-builder-column-3 fusion_builder_column_1_2 1_2 fusion-one-half fusion-column-last\" style=\"--awb-bg-size:cover;width:50%;width:calc(50% - ( ( 4% ) * 0.5 ) );\"><div class=\"fusion-column-wrapper fusion-column-has-shadow fusion-flex-column-wrapper-legacy\"><a class=\"awb-lightbox awb-lightbox-3\" href=\"https:\/\/www.bamberger-segelclub.de\/blog\/wp-content\/uploads\/2019\/06\/Header_Ostsee_Ostern_Gross-1024x768.jpg\" data-rel=\"iLightbox\"><img decoding=\"async\" src=\"https:\/\/www.bamberger-segelclub.de\/blog\/wp-content\/uploads\/2019\/06\/Header_Ostsee_Ostern_Gross-1024x768.jpg\"><\/a><div class=\"fusion-clearfix\"><\/div><\/div><\/div><\/div><\/div><div class=\"fusion-fullwidth fullwidth-box fusion-builder-row-3 nonhundred-percent-fullwidth non-hundred-percent-height-scrolling\" style=\"--awb-border-radius-top-left:0px;--awb-border-radius-top-right:0px;--awb-border-radius-bottom-right:0px;--awb-border-radius-bottom-left:0px;--awb-flex-wrap:wrap;\" ><div class=\"fusion-builder-row fusion-row\"><div class=\"fusion-layout-column fusion_builder_column fusion-builder-column-4 fusion_builder_column_1_1 1_1 fusion-one-full fusion-column-first fusion-column-last\" style=\"--awb-bg-size:cover;\"><div class=\"fusion-column-wrapper fusion-column-has-shadow fusion-flex-column-wrapper-legacy\"><div class=\"fusion-sep-clear\"><\/div><div class=\"fusion-separator fusion-full-width-sep\" style=\"margin-left: auto;margin-right: auto;width:100%;\"><\/div><div class=\"fusion-sep-clear\"><\/div><div class=\"fusion-clearfix\"><\/div><\/div><\/div><div class=\"fusion-layout-column fusion_builder_column fusion-builder-column-5 fusion_builder_column_1_3 1_3 fusion-one-third fusion-column-first\" style=\"--awb-bg-size:cover;width:33.333333333333%;width:calc(33.333333333333% - ( ( 4% ) * 0.33333333333333 ) );margin-right: 4%;\"><div class=\"fusion-column-wrapper fusion-column-has-shadow fusion-flex-column-wrapper-legacy\"><a class=\"awb-lightbox awb-lightbox-4\" href=\"https:\/\/www.bamberger-segelclub.de\/blog\/wp-content\/uploads\/2019\/08\/1904_Skippertraining_Fehmarn_BASC_-1904_Skippertraining_Fehmarn_BASC_IMG_6815-768x1024.jpg\" data-rel=\"iLightbox\"><img decoding=\"async\" src=\"https:\/\/www.bamberger-segelclub.de\/blog\/wp-content\/uploads\/2019\/08\/1904_Skippertraining_Fehmarn_BASC_-1904_Skippertraining_Fehmarn_BASC_IMG_6815-768x1024.jpg\"><\/a><div class=\"fusion-clearfix\"><\/div><\/div><\/div><div class=\"fusion-layout-column fusion_builder_column fusion-builder-column-6 fusion_builder_column_2_3 2_3 fusion-two-third fusion-column-last\" style=\"--awb-bg-size:cover;width:66.666666666667%;width:calc(66.666666666667% - ( ( 4% ) * 0.66666666666667 ) );\"><div class=\"fusion-column-wrapper fusion-column-has-shadow fusion-flex-column-wrapper-legacy\"><div class=\"fusion-text fusion-text-2\"><h3>Per Spinnaker nach Gr\u00f6mitz<\/h3>\n<div><\/div>\n<div>\n<p>Samstag starteten wir nach dem Fr\u00fchst\u00fcck zur \u00dcberfahrt nach Gr\u00f6mitz. Unterwegs verschiedene \u00dcbungen: Boje \u00fcber Bord mit Motor und Segel, Beidrehen\/Beiliegen einige Segelman\u00f6ver usw. &#8211; die Crew sollte ja nicht vergessen, dass wir keinen Urlaubst\u00f6rn machen, sondern Skippertraining gebucht hatten. In Gr\u00f6mitz spazierten wir die sch\u00f6ne Uferpromenade entlang bei traumhaftem Abendhimm und sa\u00dfen lange beim Spanier und redeten \u2014 so lange, dass ringsum schon die St\u00fchle hochgestellt wurden.<\/p>\n<\/div>\n<div><img decoding=\"async\" class=\"alignright wp-image-256 size-medium\" src=\"https:\/\/www.bamberger-segelclub.de\/blog\/wp-content\/uploads\/2019\/08\/1904_Skippertraining_Fehmarn_BASC_-1904_Skippertraining_Fehmarn_BASC_IMG_6933-225x300.jpg\" alt=\"\" width=\"225\" height=\"300\" srcset=\"https:\/\/www.bamberger-segelclub.de\/blog\/wp-content\/uploads\/2019\/08\/1904_Skippertraining_Fehmarn_BASC_-1904_Skippertraining_Fehmarn_BASC_IMG_6933-200x267.jpg 200w, https:\/\/www.bamberger-segelclub.de\/blog\/wp-content\/uploads\/2019\/08\/1904_Skippertraining_Fehmarn_BASC_-1904_Skippertraining_Fehmarn_BASC_IMG_6933-225x300.jpg 225w, https:\/\/www.bamberger-segelclub.de\/blog\/wp-content\/uploads\/2019\/08\/1904_Skippertraining_Fehmarn_BASC_-1904_Skippertraining_Fehmarn_BASC_IMG_6933-400x533.jpg 400w, https:\/\/www.bamberger-segelclub.de\/blog\/wp-content\/uploads\/2019\/08\/1904_Skippertraining_Fehmarn_BASC_-1904_Skippertraining_Fehmarn_BASC_IMG_6933-600x800.jpg 600w, https:\/\/www.bamberger-segelclub.de\/blog\/wp-content\/uploads\/2019\/08\/1904_Skippertraining_Fehmarn_BASC_-1904_Skippertraining_Fehmarn_BASC_IMG_6933-768x1024.jpg 768w, https:\/\/www.bamberger-segelclub.de\/blog\/wp-content\/uploads\/2019\/08\/1904_Skippertraining_Fehmarn_BASC_-1904_Skippertraining_Fehmarn_BASC_IMG_6933-800x1067.jpg 800w, https:\/\/www.bamberger-segelclub.de\/blog\/wp-content\/uploads\/2019\/08\/1904_Skippertraining_Fehmarn_BASC_-1904_Skippertraining_Fehmarn_BASC_IMG_6933-1200x1600.jpg 1200w, https:\/\/www.bamberger-segelclub.de\/blog\/wp-content\/uploads\/2019\/08\/1904_Skippertraining_Fehmarn_BASC_-1904_Skippertraining_Fehmarn_BASC_IMG_6933.jpg 1500w\" sizes=\"(max-width: 225px) 100vw, 225px\" \/>Sonntag machten wir nach Osterfr\u00fchst\u00fcck mit Osterbrot und Schokohasen bei langsam auffrischendem Wind noch einige Hafenman\u00f6ver und auf der R\u00fccktour fiel noch der eine oder andere Fender \u00fcber Bord.<\/div>\n<div>Abends kamen wir in Orth an, legten schon sehr ge\u00fcbt an und suchten den Griechen im Hafen heim.<\/div>\n<div>Ostermontag folgten nochmal, wir waren schlie\u00dflich flei\u00dfig!, verschiedene Hafenman\u00f6ver mit Anlegen l\u00e4ngsseits und in der Box, gefolgt von einer weiteren Segelrunde westlich im Fehmarnsund. Nachdem der Wind deutlich auffrischte, drehten wir um und segelten zur\u00fcck in den Hafen. Mit 7 Beaufort von hinten konnte die Crew Edith zeigen, was sie gelernt hatten, auch wenn die Skipperin beim Anlegen in der Box dann selbst das Ruder \u00fcbernahm.<\/div>\n<div><\/div>\n<div>Nach Abnahme und Abrechnung gings zur\u00fcck nach Bamberg. Ein intensiver, toller Kurs, bei dem sowohl die Unerfahrenen wie auch die Salzbuckel noch einiges Ausprobieren und lernen konnten.<\/div>\n<\/div><div class=\"fusion-clearfix\"><\/div><\/div><\/div><\/div><\/div><div class=\"fusion-fullwidth fullwidth-box fusion-builder-row-4 nonhundred-percent-fullwidth non-hundred-percent-height-scrolling\" style=\"--awb-border-radius-top-left:0px;--awb-border-radius-top-right:0px;--awb-border-radius-bottom-right:0px;--awb-border-radius-bottom-left:0px;--awb-padding-top:40px;--awb-padding-bottom:40px;--awb-flex-wrap:wrap;\" ><div class=\"fusion-builder-row fusion-row\"><div class=\"fusion-layout-column fusion_builder_column fusion-builder-column-7 fusion_builder_column_1_1 1_1 fusion-one-full fusion-column-first fusion-column-last\" style=\"--awb-bg-size:cover;\"><div class=\"fusion-column-wrapper fusion-column-has-shadow fusion-flex-column-wrapper-legacy\"><div class=\"fusion-image-carousel fusion-image-carousel-fixed fusion-image-carousel-1 lightbox-enabled\"><div class=\"awb-carousel awb-swiper awb-swiper-carousel awb-carousel--carousel awb-swiper-dots-position-bottom\" data-layout=\"carousel\" data-autoplay=\"no\" data-autoplayspeed=\"2500\" data-autoplaypause=\"no\" data-columns=\"4\" data-columnsmedium=\"1\" data-columnssmall=\"1\" data-itemmargin=\"13\" data-itemwidth=\"180\" data-touchscroll=\"no\" data-freemode=\"no\" data-imagesize=\"fixed\" data-scrollitems=\"0\" data-centeredslides=\"no\" data-rotationangle=\"50\" data-depth=\"100\" data-speed=\"500\" data-shadow=\"no\" data-pagination=\"bullets\" style=\"--awb-columns:4;\"><div class=\"swiper-wrapper awb-image-carousel-wrapper fusion-flex-align-items-center\"><div class=\"swiper-slide\"><div class=\"fusion-carousel-item-wrapper\"><div class=\"fusion-image-wrapper hover-type-none\"><a data-rel=\"iLightbox[image_carousel_1]\" data-title=\"1904_Skippertraining_Fehmarn_BASC_ 1904_Skippertraining_Fehmarn_BASC_IMG_6984\" aria-label=\"1904_Skippertraining_Fehmarn_BASC_ 1904_Skippertraining_Fehmarn_BASC_IMG_6984\" href=\"https:\/\/www.bamberger-segelclub.de\/blog\/wp-content\/uploads\/2019\/08\/1904_Skippertraining_Fehmarn_BASC_-1904_Skippertraining_Fehmarn_BASC_IMG_6984.jpg\" target=\"_self\"><img decoding=\"async\" width=\"320\" height=\"202\" src=\"https:\/\/www.bamberger-segelclub.de\/blog\/wp-content\/uploads\/2019\/08\/1904_Skippertraining_Fehmarn_BASC_-1904_Skippertraining_Fehmarn_BASC_IMG_6984-320x202.jpg\" class=\"attachment-blog-medium size-blog-medium\" alt=\"Bei sch\u00f6nstem Sonnenschein am Ruder\" \/><\/a><\/div><\/div><\/div><div class=\"swiper-slide\"><div class=\"fusion-carousel-item-wrapper\"><div class=\"fusion-image-wrapper hover-type-none\"><a data-rel=\"iLightbox[image_carousel_1]\" data-title=\"1904_Skippertraining_Fehmarn_BASC_ 1904_Skippertraining_Fehmarn_BASC_IMG_6980\" aria-label=\"1904_Skippertraining_Fehmarn_BASC_ 1904_Skippertraining_Fehmarn_BASC_IMG_6980\" href=\"https:\/\/www.bamberger-segelclub.de\/blog\/wp-content\/uploads\/2019\/08\/1904_Skippertraining_Fehmarn_BASC_-1904_Skippertraining_Fehmarn_BASC_IMG_6980.jpg\" target=\"_self\"><img decoding=\"async\" width=\"320\" height=\"202\" src=\"https:\/\/www.bamberger-segelclub.de\/blog\/wp-content\/uploads\/2019\/08\/1904_Skippertraining_Fehmarn_BASC_-1904_Skippertraining_Fehmarn_BASC_IMG_6980-320x202.jpg\" class=\"attachment-blog-medium size-blog-medium\" alt=\"Beim Boje-\u00fcber-Bord-Man\u00f6ver\" \/><\/a><\/div><\/div><\/div><div class=\"swiper-slide\"><div class=\"fusion-carousel-item-wrapper\"><div class=\"fusion-image-wrapper hover-type-none\"><a data-rel=\"iLightbox[image_carousel_1]\" data-title=\"1904_Skippertraining_Fehmarn_BASC_ 1904_Skippertraining_Fehmarn_BASC_IMG_6913\" aria-label=\"1904_Skippertraining_Fehmarn_BASC_ 1904_Skippertraining_Fehmarn_BASC_IMG_6913\" href=\"https:\/\/www.bamberger-segelclub.de\/blog\/wp-content\/uploads\/2019\/08\/1904_Skippertraining_Fehmarn_BASC_-1904_Skippertraining_Fehmarn_BASC_IMG_6913.jpg\" target=\"_self\"><img decoding=\"async\" width=\"320\" height=\"202\" src=\"https:\/\/www.bamberger-segelclub.de\/blog\/wp-content\/uploads\/2019\/08\/1904_Skippertraining_Fehmarn_BASC_-1904_Skippertraining_Fehmarn_BASC_IMG_6913-320x202.jpg\" class=\"attachment-blog-medium size-blog-medium\" alt=\"Abendstimmung in Gr\u00f6mitz\" \/><\/a><\/div><\/div><\/div><div class=\"swiper-slide\"><div class=\"fusion-carousel-item-wrapper\"><div class=\"fusion-image-wrapper hover-type-none\"><a data-rel=\"iLightbox[image_carousel_1]\" data-title=\"1904_Skippertraining_Fehmarn_BASC_ 1904_Skippertraining_Fehmarn_BASC_IMG_7125\" aria-label=\"1904_Skippertraining_Fehmarn_BASC_ 1904_Skippertraining_Fehmarn_BASC_IMG_7125\" href=\"https:\/\/www.bamberger-segelclub.de\/blog\/wp-content\/uploads\/2019\/08\/1904_Skippertraining_Fehmarn_BASC_-1904_Skippertraining_Fehmarn_BASC_IMG_7125.jpg\" target=\"_self\"><img decoding=\"async\" width=\"320\" height=\"202\" src=\"https:\/\/www.bamberger-segelclub.de\/blog\/wp-content\/uploads\/2019\/08\/1904_Skippertraining_Fehmarn_BASC_-1904_Skippertraining_Fehmarn_BASC_IMG_7125-320x202.jpg\" class=\"attachment-blog-medium size-blog-medium\" alt=\"Zunehmende Windst\u00e4rken am Ostermontag\" \/><\/a><\/div><\/div><\/div><\/div><div class=\"awb-swiper-button awb-swiper-button-prev\"><i class=\"awb-icon-angle-left\" aria-hidden=\"true\"><\/i><\/div><div class=\"awb-swiper-button awb-swiper-button-next\"><i class=\"awb-icon-angle-right\" aria-hidden=\"true\"><\/i><\/div><\/div><\/div><div class=\"fusion-clearfix\"><\/div><\/div><\/div><\/div><\/div><\/p>\n","protected":false},"excerpt":{"rendered":"","protected":false},"author":1,"featured_media":0,"parent":0,"menu_order":0,"comment_status":"closed","ping_status":"closed","template":"","meta":{"footnotes":""},"class_list":["post-245","page","type-page","status-publish","hentry"],"yoast_head":"<!-- This site is optimized with the Yoast SEO plugin v26.0 - https:\/\/yoast.com\/wordpress\/plugins\/seo\/ -->\n<title>1904 Skippertraining vor Fehmarn - Bamberger Segelclub<\/title>\n<meta name=\"robots\" content=\"index, follow, max-snippet:-1, max-image-preview:large, max-video-preview:-1\" \/>\n<link rel=\"canonical\" href=\"https:\/\/bamberger-segelclub.de\/blog\/1904-skippertraining-vor-fehmarn\/\" \/>\n<meta property=\"og:locale\" content=\"de_DE\" \/>\n<meta property=\"og:type\" content=\"article\" \/>\n<meta property=\"og:title\" content=\"1904 Skippertraining vor Fehmarn - Bamberger Segelclub\" \/>\n<meta property=\"og:url\" content=\"https:\/\/bamberger-segelclub.de\/blog\/1904-skippertraining-vor-fehmarn\/\" \/>\n<meta property=\"og:site_name\" content=\"Bamberger Segelclub\" \/>\n<meta property=\"article:modified_time\" content=\"2019-08-20T14:53:52+00:00\" \/>\n<meta property=\"og:image\" content=\"https:\/\/www.bamberger-segelclub.de\/blog\/wp-content\/uploads\/2019\/08\/1904_Skippertraining_Fehmarn_BASC_-1904_Skippertraining_Fehmarn_BASC_IMG_7024-768x1024.jpg\" \/>\n<meta name=\"twitter:card\" content=\"summary_large_image\" \/>\n<meta name=\"twitter:label1\" content=\"Gesch\u00e4tzte Lesezeit\" \/>\n\t<meta name=\"twitter:data1\" content=\"10\u00a0Minuten\" \/>\n<script type=\"application\/ld+json\" class=\"yoast-schema-graph\">{\"@context\":\"https:\/\/schema.org\",\"@graph\":[{\"@type\":\"WebPage\",\"@id\":\"https:\/\/bamberger-segelclub.de\/blog\/1904-skippertraining-vor-fehmarn\/\",\"url\":\"https:\/\/bamberger-segelclub.de\/blog\/1904-skippertraining-vor-fehmarn\/\",\"name\":\"1904 Skippertraining vor Fehmarn - Bamberger Segelclub\",\"isPartOf\":{\"@id\":\"https:\/\/bamberger-segelclub.de\/blog\/#website\"},\"primaryImageOfPage\":{\"@id\":\"https:\/\/bamberger-segelclub.de\/blog\/1904-skippertraining-vor-fehmarn\/#primaryimage\"},\"image\":{\"@id\":\"https:\/\/bamberger-segelclub.de\/blog\/1904-skippertraining-vor-fehmarn\/#primaryimage\"},\"thumbnailUrl\":\"https:\/\/www.bamberger-segelclub.de\/blog\/wp-content\/uploads\/2019\/08\/1904_Skippertraining_Fehmarn_BASC_-1904_Skippertraining_Fehmarn_BASC_IMG_7024-768x1024.jpg\",\"datePublished\":\"2019-08-11T12:48:44+00:00\",\"dateModified\":\"2019-08-20T14:53:52+00:00\",\"breadcrumb\":{\"@id\":\"https:\/\/bamberger-segelclub.de\/blog\/1904-skippertraining-vor-fehmarn\/#breadcrumb\"},\"inLanguage\":\"de\",\"potentialAction\":[{\"@type\":\"ReadAction\",\"target\":[\"https:\/\/bamberger-segelclub.de\/blog\/1904-skippertraining-vor-fehmarn\/\"]}]},{\"@type\":\"ImageObject\",\"inLanguage\":\"de\",\"@id\":\"https:\/\/bamberger-segelclub.de\/blog\/1904-skippertraining-vor-fehmarn\/#primaryimage\",\"url\":\"https:\/\/www.bamberger-segelclub.de\/blog\/wp-content\/uploads\/2019\/08\/1904_Skippertraining_Fehmarn_BASC_-1904_Skippertraining_Fehmarn_BASC_IMG_7024-768x1024.jpg\",\"contentUrl\":\"https:\/\/www.bamberger-segelclub.de\/blog\/wp-content\/uploads\/2019\/08\/1904_Skippertraining_Fehmarn_BASC_-1904_Skippertraining_Fehmarn_BASC_IMG_7024-768x1024.jpg\"},{\"@type\":\"BreadcrumbList\",\"@id\":\"https:\/\/bamberger-segelclub.de\/blog\/1904-skippertraining-vor-fehmarn\/#breadcrumb\",\"itemListElement\":[{\"@type\":\"ListItem\",\"position\":1,\"name\":\"Home\",\"item\":\"https:\/\/bamberger-segelclub.de\/blog\/\"},{\"@type\":\"ListItem\",\"position\":2,\"name\":\"1904 Skippertraining vor Fehmarn\"}]},{\"@type\":\"WebSite\",\"@id\":\"https:\/\/bamberger-segelclub.de\/blog\/#website\",\"url\":\"https:\/\/bamberger-segelclub.de\/blog\/\",\"name\":\"Bamberger Segelclub\",\"description\":\"Segeln und mehr!\",\"potentialAction\":[{\"@type\":\"SearchAction\",\"target\":{\"@type\":\"EntryPoint\",\"urlTemplate\":\"https:\/\/bamberger-segelclub.de\/blog\/?s={search_term_string}\"},\"query-input\":{\"@type\":\"PropertyValueSpecification\",\"valueRequired\":true,\"valueName\":\"search_term_string\"}}],\"inLanguage\":\"de\"}]}<\/script>\n<!-- \/ Yoast SEO plugin. -->","yoast_head_json":{"title":"1904 Skippertraining vor Fehmarn - Bamberger Segelclub","robots":{"index":"index","follow":"follow","max-snippet":"max-snippet:-1","max-image-preview":"max-image-preview:large","max-video-preview":"max-video-preview:-1"},"canonical":"https:\/\/bamberger-segelclub.de\/blog\/1904-skippertraining-vor-fehmarn\/","og_locale":"de_DE","og_type":"article","og_title":"1904 Skippertraining vor Fehmarn - Bamberger Segelclub","og_url":"https:\/\/bamberger-segelclub.de\/blog\/1904-skippertraining-vor-fehmarn\/","og_site_name":"Bamberger Segelclub","article_modified_time":"2019-08-20T14:53:52+00:00","og_image":[{"url":"https:\/\/www.bamberger-segelclub.de\/blog\/wp-content\/uploads\/2019\/08\/1904_Skippertraining_Fehmarn_BASC_-1904_Skippertraining_Fehmarn_BASC_IMG_7024-768x1024.jpg","type":"","width":"","height":""}],"twitter_card":"summary_large_image","twitter_misc":{"Gesch\u00e4tzte Lesezeit":"10\u00a0Minuten"},"schema":{"@context":"https:\/\/schema.org","@graph":[{"@type":"WebPage","@id":"https:\/\/bamberger-segelclub.de\/blog\/1904-skippertraining-vor-fehmarn\/","url":"https:\/\/bamberger-segelclub.de\/blog\/1904-skippertraining-vor-fehmarn\/","name":"1904 Skippertraining vor Fehmarn - Bamberger Segelclub","isPartOf":{"@id":"https:\/\/bamberger-segelclub.de\/blog\/#website"},"primaryImageOfPage":{"@id":"https:\/\/bamberger-segelclub.de\/blog\/1904-skippertraining-vor-fehmarn\/#primaryimage"},"image":{"@id":"https:\/\/bamberger-segelclub.de\/blog\/1904-skippertraining-vor-fehmarn\/#primaryimage"},"thumbnailUrl":"https:\/\/www.bamberger-segelclub.de\/blog\/wp-content\/uploads\/2019\/08\/1904_Skippertraining_Fehmarn_BASC_-1904_Skippertraining_Fehmarn_BASC_IMG_7024-768x1024.jpg","datePublished":"2019-08-11T12:48:44+00:00","dateModified":"2019-08-20T14:53:52+00:00","breadcrumb":{"@id":"https:\/\/bamberger-segelclub.de\/blog\/1904-skippertraining-vor-fehmarn\/#breadcrumb"},"inLanguage":"de","potentialAction":[{"@type":"ReadAction","target":["https:\/\/bamberger-segelclub.de\/blog\/1904-skippertraining-vor-fehmarn\/"]}]},{"@type":"ImageObject","inLanguage":"de","@id":"https:\/\/bamberger-segelclub.de\/blog\/1904-skippertraining-vor-fehmarn\/#primaryimage","url":"https:\/\/www.bamberger-segelclub.de\/blog\/wp-content\/uploads\/2019\/08\/1904_Skippertraining_Fehmarn_BASC_-1904_Skippertraining_Fehmarn_BASC_IMG_7024-768x1024.jpg","contentUrl":"https:\/\/www.bamberger-segelclub.de\/blog\/wp-content\/uploads\/2019\/08\/1904_Skippertraining_Fehmarn_BASC_-1904_Skippertraining_Fehmarn_BASC_IMG_7024-768x1024.jpg"},{"@type":"BreadcrumbList","@id":"https:\/\/bamberger-segelclub.de\/blog\/1904-skippertraining-vor-fehmarn\/#breadcrumb","itemListElement":[{"@type":"ListItem","position":1,"name":"Home","item":"https:\/\/bamberger-segelclub.de\/blog\/"},{"@type":"ListItem","position":2,"name":"1904 Skippertraining vor Fehmarn"}]},{"@type":"WebSite","@id":"https:\/\/bamberger-segelclub.de\/blog\/#website","url":"https:\/\/bamberger-segelclub.de\/blog\/","name":"Bamberger Segelclub","description":"Segeln und mehr!","potentialAction":[{"@type":"SearchAction","target":{"@type":"EntryPoint","urlTemplate":"https:\/\/bamberger-segelclub.de\/blog\/?s={search_term_string}"},"query-input":{"@type":"PropertyValueSpecification","valueRequired":true,"valueName":"search_term_string"}}],"inLanguage":"de"}]}},"_links":{"self":[{"href":"https:\/\/bamberger-segelclub.de\/blog\/wp-json\/wp\/v2\/pages\/245","targetHints":{"allow":["GET"]}}],"collection":[{"href":"https:\/\/bamberger-segelclub.de\/blog\/wp-json\/wp\/v2\/pages"}],"about":[{"href":"https:\/\/bamberger-segelclub.de\/blog\/wp-json\/wp\/v2\/types\/page"}],"author":[{"embeddable":true,"href":"https:\/\/bamberger-segelclub.de\/blog\/wp-json\/wp\/v2\/users\/1"}],"replies":[{"embeddable":true,"href":"https:\/\/bamberger-segelclub.de\/blog\/wp-json\/wp\/v2\/comments?post=245"}],"version-history":[{"count":20,"href":"https:\/\/bamberger-segelclub.de\/blog\/wp-json\/wp\/v2\/pages\/245\/revisions"}],"predecessor-version":[{"id":294,"href":"https:\/\/bamberger-segelclub.de\/blog\/wp-json\/wp\/v2\/pages\/245\/revisions\/294"}],"wp:attachment":[{"href":"https:\/\/bamberger-segelclub.de\/blog\/wp-json\/wp\/v2\/media?parent=245"}],"curies":[{"name":"wp","href":"https:\/\/api.w.org\/{rel}","templated":true}]}}