{"id":25,"date":"2019-05-26T23:57:03","date_gmt":"2019-05-26T23:57:03","guid":{"rendered":"https:\/\/bamberger-segelclub.de\/blog\/?page_id=25"},"modified":"2019-07-21T17:14:05","modified_gmt":"2019-07-21T15:14:05","slug":"bootspatenschaften","status":"publish","type":"page","link":"https:\/\/bamberger-segelclub.de\/blog\/bootspatenschaften\/","title":{"rendered":"Bootspatenschaften"},"content":{"rendered":"<div class=\"two-third column\">\n<div class=\"item-page\">\n<h2><a href=\"http:\/\/bamberger-segelclub.de\/index.php\/segelstuetzpunkt\/bootspatenschaften\"> Bootspatenschaften<\/a><\/h2>\n<p>Der Verein stellt seinen Mitgliedern kostenlos Boote zur Verf\u00fcgung. Diese vereinseigenen Boote bed\u00fcrfen kontinuierlicher Wartung und Instandsetzung d\u00fcrch erfahrene Sportfreundinnen und Sportfreunde. Zu diesem Zweck wurden Bootspatenschaften eingef\u00fchrt.<\/p>\n<p>Jedes Vereinsmitglied ist aufgerufen, sich an der Bootspatenschaft zu beteiligen, so dass alle Boote betreut werden und die Segelbegeisterten ohne eigenes jederzeit ein sicheres und gut ausgestattetes Boot vorfinden.<\/p>\n<p>Bei Interesse bitte beim Vorstand melden.<\/p>\n<\/div>\n<p><img decoding=\"async\" class=\"alignnone size-large wp-image-233\" src=\"https:\/\/www.bamberger-segelclub.de\/blog\/wp-content\/uploads\/2019\/07\/Steg-mit-LeutenIMG_7870-1024x750.jpg\" alt=\"\" width=\"1024\" height=\"750\" srcset=\"https:\/\/www.bamberger-segelclub.de\/blog\/wp-content\/uploads\/2019\/07\/Steg-mit-LeutenIMG_7870-200x146.jpg 200w, https:\/\/www.bamberger-segelclub.de\/blog\/wp-content\/uploads\/2019\/07\/Steg-mit-LeutenIMG_7870-300x220.jpg 300w, https:\/\/www.bamberger-segelclub.de\/blog\/wp-content\/uploads\/2019\/07\/Steg-mit-LeutenIMG_7870-400x293.jpg 400w, https:\/\/www.bamberger-segelclub.de\/blog\/wp-content\/uploads\/2019\/07\/Steg-mit-LeutenIMG_7870-600x439.jpg 600w, https:\/\/www.bamberger-segelclub.de\/blog\/wp-content\/uploads\/2019\/07\/Steg-mit-LeutenIMG_7870-768x562.jpg 768w, https:\/\/www.bamberger-segelclub.de\/blog\/wp-content\/uploads\/2019\/07\/Steg-mit-LeutenIMG_7870-800x586.jpg 800w, https:\/\/www.bamberger-segelclub.de\/blog\/wp-content\/uploads\/2019\/07\/Steg-mit-LeutenIMG_7870-1024x750.jpg 1024w, https:\/\/www.bamberger-segelclub.de\/blog\/wp-content\/uploads\/2019\/07\/Steg-mit-LeutenIMG_7870-1200x879.jpg 1200w\" sizes=\"(max-width: 1024px) 100vw, 1024px\" \/><\/p>\n<\/div>\n","protected":false},"excerpt":{"rendered":"<p>Bootspatenschaften Der Verein stellt seinen Mitgliedern kostenlos Boote zur Verf\u00fcgung. Diese vereinseigenen Boote bed\u00fcrfen kontinuierlicher Wartung und Instandsetzung d\u00fcrch erfahrene Sportfreundinnen und Sportfreunde. Zu diesem Zweck wurden Bootspatenschaften eingef\u00fchrt. Jedes Vereinsmitglied ist aufgerufen, sich an der Bootspatenschaft zu beteiligen, so dass alle Boote betreut werden und die Segelbegeisterten ohne eigenes jederzeit ein sicheres und gut ausgestattetes Boot vorfinden. Bei Interesse bitte beim Vorstand melden.<\/p>\n","protected":false},"author":1,"featured_media":0,"parent":0,"menu_order":0,"comment_status":"closed","ping_status":"closed","template":"","meta":{"footnotes":""},"class_list":["post-25","page","type-page","status-publish","hentry"],"yoast_head":"<!-- This site is optimized with the Yoast SEO plugin v26.0 - https:\/\/yoast.com\/wordpress\/plugins\/seo\/ -->\n<title>Bootspatenschaften - Bamberger Segelclub<\/title>\n<meta name=\"robots\" content=\"index, follow, max-snippet:-1, max-image-preview:large, max-video-preview:-1\" \/>\n<link rel=\"canonical\" href=\"https:\/\/bamberger-segelclub.de\/blog\/bootspatenschaften\/\" \/>\n<meta property=\"og:locale\" content=\"de_DE\" \/>\n<meta property=\"og:type\" content=\"article\" \/>\n<meta property=\"og:title\" content=\"Bootspatenschaften - Bamberger Segelclub\" \/>\n<meta property=\"og:description\" content=\"Bootspatenschaften Der Verein stellt seinen Mitgliedern kostenlos Boote zur Verf\u00fcgung. Diese vereinseigenen Boote bed\u00fcrfen kontinuierlicher Wartung und Instandsetzung d\u00fcrch erfahrene Sportfreundinnen und Sportfreunde. Zu diesem Zweck wurden Bootspatenschaften eingef\u00fchrt. Jedes Vereinsmitglied ist aufgerufen, sich an der Bootspatenschaft zu beteiligen, so dass alle Boote betreut werden und die Segelbegeisterten ohne eigenes jederzeit ein sicheres und gut ausgestattetes Boot vorfinden. Bei Interesse bitte beim Vorstand melden.\" \/>\n<meta property=\"og:url\" content=\"https:\/\/bamberger-segelclub.de\/blog\/bootspatenschaften\/\" \/>\n<meta property=\"og:site_name\" content=\"Bamberger Segelclub\" \/>\n<meta property=\"article:modified_time\" content=\"2019-07-21T15:14:05+00:00\" \/>\n<meta property=\"og:image\" content=\"https:\/\/www.bamberger-segelclub.de\/blog\/wp-content\/uploads\/2019\/07\/Steg-mit-LeutenIMG_7870-1024x750.jpg\" \/>\n<meta name=\"twitter:card\" content=\"summary_large_image\" \/>\n<script type=\"application\/ld+json\" class=\"yoast-schema-graph\">{\"@context\":\"https:\/\/schema.org\",\"@graph\":[{\"@type\":\"WebPage\",\"@id\":\"https:\/\/bamberger-segelclub.de\/blog\/bootspatenschaften\/\",\"url\":\"https:\/\/bamberger-segelclub.de\/blog\/bootspatenschaften\/\",\"name\":\"Bootspatenschaften - Bamberger Segelclub\",\"isPartOf\":{\"@id\":\"https:\/\/bamberger-segelclub.de\/blog\/#website\"},\"primaryImageOfPage\":{\"@id\":\"https:\/\/bamberger-segelclub.de\/blog\/bootspatenschaften\/#primaryimage\"},\"image\":{\"@id\":\"https:\/\/bamberger-segelclub.de\/blog\/bootspatenschaften\/#primaryimage\"},\"thumbnailUrl\":\"https:\/\/www.bamberger-segelclub.de\/blog\/wp-content\/uploads\/2019\/07\/Steg-mit-LeutenIMG_7870-1024x750.jpg\",\"datePublished\":\"2019-05-26T23:57:03+00:00\",\"dateModified\":\"2019-07-21T15:14:05+00:00\",\"breadcrumb\":{\"@id\":\"https:\/\/bamberger-segelclub.de\/blog\/bootspatenschaften\/#breadcrumb\"},\"inLanguage\":\"de\",\"potentialAction\":[{\"@type\":\"ReadAction\",\"target\":[\"https:\/\/bamberger-segelclub.de\/blog\/bootspatenschaften\/\"]}]},{\"@type\":\"ImageObject\",\"inLanguage\":\"de\",\"@id\":\"https:\/\/bamberger-segelclub.de\/blog\/bootspatenschaften\/#primaryimage\",\"url\":\"https:\/\/www.bamberger-segelclub.de\/blog\/wp-content\/uploads\/2019\/07\/Steg-mit-LeutenIMG_7870-1024x750.jpg\",\"contentUrl\":\"https:\/\/www.bamberger-segelclub.de\/blog\/wp-content\/uploads\/2019\/07\/Steg-mit-LeutenIMG_7870-1024x750.jpg\"},{\"@type\":\"BreadcrumbList\",\"@id\":\"https:\/\/bamberger-segelclub.de\/blog\/bootspatenschaften\/#breadcrumb\",\"itemListElement\":[{\"@type\":\"ListItem\",\"position\":1,\"name\":\"Home\",\"item\":\"https:\/\/bamberger-segelclub.de\/blog\/\"},{\"@type\":\"ListItem\",\"position\":2,\"name\":\"Bootspatenschaften\"}]},{\"@type\":\"WebSite\",\"@id\":\"https:\/\/bamberger-segelclub.de\/blog\/#website\",\"url\":\"https:\/\/bamberger-segelclub.de\/blog\/\",\"name\":\"Bamberger Segelclub\",\"description\":\"Segeln und mehr!\",\"potentialAction\":[{\"@type\":\"SearchAction\",\"target\":{\"@type\":\"EntryPoint\",\"urlTemplate\":\"https:\/\/bamberger-segelclub.de\/blog\/?s={search_term_string}\"},\"query-input\":{\"@type\":\"PropertyValueSpecification\",\"valueRequired\":true,\"valueName\":\"search_term_string\"}}],\"inLanguage\":\"de\"}]}<\/script>\n<!-- \/ Yoast SEO plugin. -->","yoast_head_json":{"title":"Bootspatenschaften - Bamberger Segelclub","robots":{"index":"index","follow":"follow","max-snippet":"max-snippet:-1","max-image-preview":"max-image-preview:large","max-video-preview":"max-video-preview:-1"},"canonical":"https:\/\/bamberger-segelclub.de\/blog\/bootspatenschaften\/","og_locale":"de_DE","og_type":"article","og_title":"Bootspatenschaften - Bamberger Segelclub","og_description":"Bootspatenschaften Der Verein stellt seinen Mitgliedern kostenlos Boote zur Verf\u00fcgung. Diese vereinseigenen Boote bed\u00fcrfen kontinuierlicher Wartung und Instandsetzung d\u00fcrch erfahrene Sportfreundinnen und Sportfreunde. Zu diesem Zweck wurden Bootspatenschaften eingef\u00fchrt. Jedes Vereinsmitglied ist aufgerufen, sich an der Bootspatenschaft zu beteiligen, so dass alle Boote betreut werden und die Segelbegeisterten ohne eigenes jederzeit ein sicheres und gut ausgestattetes Boot vorfinden. Bei Interesse bitte beim Vorstand melden.","og_url":"https:\/\/bamberger-segelclub.de\/blog\/bootspatenschaften\/","og_site_name":"Bamberger Segelclub","article_modified_time":"2019-07-21T15:14:05+00:00","og_image":[{"url":"https:\/\/www.bamberger-segelclub.de\/blog\/wp-content\/uploads\/2019\/07\/Steg-mit-LeutenIMG_7870-1024x750.jpg","type":"","width":"","height":""}],"twitter_card":"summary_large_image","schema":{"@context":"https:\/\/schema.org","@graph":[{"@type":"WebPage","@id":"https:\/\/bamberger-segelclub.de\/blog\/bootspatenschaften\/","url":"https:\/\/bamberger-segelclub.de\/blog\/bootspatenschaften\/","name":"Bootspatenschaften - Bamberger Segelclub","isPartOf":{"@id":"https:\/\/bamberger-segelclub.de\/blog\/#website"},"primaryImageOfPage":{"@id":"https:\/\/bamberger-segelclub.de\/blog\/bootspatenschaften\/#primaryimage"},"image":{"@id":"https:\/\/bamberger-segelclub.de\/blog\/bootspatenschaften\/#primaryimage"},"thumbnailUrl":"https:\/\/www.bamberger-segelclub.de\/blog\/wp-content\/uploads\/2019\/07\/Steg-mit-LeutenIMG_7870-1024x750.jpg","datePublished":"2019-05-26T23:57:03+00:00","dateModified":"2019-07-21T15:14:05+00:00","breadcrumb":{"@id":"https:\/\/bamberger-segelclub.de\/blog\/bootspatenschaften\/#breadcrumb"},"inLanguage":"de","potentialAction":[{"@type":"ReadAction","target":["https:\/\/bamberger-segelclub.de\/blog\/bootspatenschaften\/"]}]},{"@type":"ImageObject","inLanguage":"de","@id":"https:\/\/bamberger-segelclub.de\/blog\/bootspatenschaften\/#primaryimage","url":"https:\/\/www.bamberger-segelclub.de\/blog\/wp-content\/uploads\/2019\/07\/Steg-mit-LeutenIMG_7870-1024x750.jpg","contentUrl":"https:\/\/www.bamberger-segelclub.de\/blog\/wp-content\/uploads\/2019\/07\/Steg-mit-LeutenIMG_7870-1024x750.jpg"},{"@type":"BreadcrumbList","@id":"https:\/\/bamberger-segelclub.de\/blog\/bootspatenschaften\/#breadcrumb","itemListElement":[{"@type":"ListItem","position":1,"name":"Home","item":"https:\/\/bamberger-segelclub.de\/blog\/"},{"@type":"ListItem","position":2,"name":"Bootspatenschaften"}]},{"@type":"WebSite","@id":"https:\/\/bamberger-segelclub.de\/blog\/#website","url":"https:\/\/bamberger-segelclub.de\/blog\/","name":"Bamberger Segelclub","description":"Segeln und mehr!","potentialAction":[{"@type":"SearchAction","target":{"@type":"EntryPoint","urlTemplate":"https:\/\/bamberger-segelclub.de\/blog\/?s={search_term_string}"},"query-input":{"@type":"PropertyValueSpecification","valueRequired":true,"valueName":"search_term_string"}}],"inLanguage":"de"}]}},"_links":{"self":[{"href":"https:\/\/bamberger-segelclub.de\/blog\/wp-json\/wp\/v2\/pages\/25","targetHints":{"allow":["GET"]}}],"collection":[{"href":"https:\/\/bamberger-segelclub.de\/blog\/wp-json\/wp\/v2\/pages"}],"about":[{"href":"https:\/\/bamberger-segelclub.de\/blog\/wp-json\/wp\/v2\/types\/page"}],"author":[{"embeddable":true,"href":"https:\/\/bamberger-segelclub.de\/blog\/wp-json\/wp\/v2\/users\/1"}],"replies":[{"embeddable":true,"href":"https:\/\/bamberger-segelclub.de\/blog\/wp-json\/wp\/v2\/comments?post=25"}],"version-history":[{"count":3,"href":"https:\/\/bamberger-segelclub.de\/blog\/wp-json\/wp\/v2\/pages\/25\/revisions"}],"predecessor-version":[{"id":235,"href":"https:\/\/bamberger-segelclub.de\/blog\/wp-json\/wp\/v2\/pages\/25\/revisions\/235"}],"wp:attachment":[{"href":"https:\/\/bamberger-segelclub.de\/blog\/wp-json\/wp\/v2\/media?parent=25"}],"curies":[{"name":"wp","href":"https:\/\/api.w.org\/{rel}","templated":true}]}}