{"id":29,"date":"2019-05-26T23:59:54","date_gmt":"2019-05-26T23:59:54","guid":{"rendered":"https:\/\/bamberger-segelclub.de\/blog\/?page_id=29"},"modified":"2026-04-13T14:20:44","modified_gmt":"2026-04-13T12:20:44","slug":"termine","status":"publish","type":"page","link":"https:\/\/bamberger-segelclub.de\/blog\/termine\/","title":{"rendered":"Termine"},"content":{"rendered":"<h2><span class=\"subheading-category\">Termin\u00fcbersicht 2026<\/span><\/h2>\n<div class=\"category-desc\">\n<p>Hier die Terminank\u00fcndigungen f\u00fcr die Vereinsaktionen dieses Jahres:<\/p>\n<\/div>\n<div class=\"items-row cols-1 row-3\">\n<div class=\"items-row cols-1 row-0\">\n<div class=\"item column-1\">\n<p>&nbsp;<\/p>\n<h4><strong>Bamberger Segelclub e.V. <\/strong><\/h4>\n<\/div>\n<p><strong>Samstag 28. 02.<\/strong><br \/>\nClubabend \u2013 R\u00fcckblicke auf Segelt\u00f6rns des vergangenen Jahres<\/p>\n<p><strong>Freitag 06. 03.<\/strong><br \/>\nVollversammlung<\/p>\n<p><strong>Samstag, 11. 04.<\/strong><br \/>\nStegaufbau<\/p>\n<p><strong>Sonntag, 12. 04.\u00a0<\/strong><br \/>\nAusbildungsinfoveranstaltung<\/p>\n<p><strong>Samstag 18. 04.<br \/>\n<\/strong>Arbeitseinsatz inkl. intensivere Bootspflege<\/p>\n<p><strong>Samstag 25. 04. <\/strong><br \/>\n1. Jahresregatta<\/p>\n<p><strong>Samstag 17.05. <\/strong><br \/>\n2. Regatta: der MAX-Cup!<\/p>\n<p><strong>Sanstag 20.06.<\/strong><br \/>\nKentertraining<\/p>\n<p><strong>Samstag 27. 06.<\/strong><br \/>\nMondscheinregatta \u2013 mit Grillen vorab<\/p>\n<p><strong>Samstag 18. 07.<\/strong><br \/>\nSommerfest mit 4. Jahresregatta<\/p>\n<p><strong>Freitag 31.7. bis Sonntag 02. 08.<\/strong><br \/>\nBrombachsee-Wochenende<\/p>\n<p><strong>Samstag\/Sonntag, 19.\/20. 09. <\/strong><br \/>\nBamberg Open bzw. Bamberger Meisterschaft &#8211; offen f\u00fcr Vereine usw.-<\/p>\n<p><strong>Samstag 03. 10. <\/strong><br \/>\nAbsegeln, letzte Regatta<\/p>\n<p><strong>Samstag 24. 10.<br \/>\n<\/strong>Stegabbau<\/p>\n<p><strong>Sonntag 08. 11.<\/strong><br \/>\nWandertag<\/p>\n<p><strong>Samstag, 21. 11.\u00a0<\/strong><br \/>\nJahresessen<\/p>\n<div class=\"item column-1\">\n<p>&nbsp;<\/p>\n<h4><strong>Segler-Stammtisch<\/strong><\/h4>\n<p><strong>Jeweils am letzten Dienstag im Monat ab 19:00 Uhr<\/strong> im Spezi-Keller Bamberg (Sternwarte)<\/p>\n<p>Kurzfristige \u00c4nderungen von Zeit und Ort einer Veranstaltung, gerade zu Coronazeiten, sind nicht ausgeschlossen.<br \/>\nAktuelle Infos gibt es auf dieser Homepage: www.bamberger-segelclub.de<\/p>\n<\/div>\n<\/div>\n<\/div>\n","protected":false},"excerpt":{"rendered":"<p>Termin\u00fcbersicht 2026 Hier die Terminank\u00fcndigungen f\u00fcr die Vereinsaktionen dieses Jahres: &nbsp; Bamberger Segelclub e.V. Samstag 28. 02. Clubabend \u2013 R\u00fcckblicke auf Segelt\u00f6rns des vergangenen Jahres Freitag 06. 03. Vollversammlung Samstag, 11. 04. Stegaufbau Sonntag, 12. 04.\u00a0 Ausbildungsinfoveranstaltung Samstag 18. 04. Arbeitseinsatz inkl. intensivere Bootspflege Samstag 25. 04. 1. Jahresregatta Samstag 17.05. 2. Regatta: der MAX-Cup! Sanstag 20.06. Kentertraining Samstag 27. 06. Mondscheinregatta \u2013 mit Grillen vorab Samstag 18. 07. Sommerfest mit 4. Jahresregatta Freitag 31.7. bis Sonntag 02. 08. Brombachsee-Wochenende Samstag\/Sonntag, 19.\/20. 09. Bamberg Open bzw. Bamberger Meisterschaft &#8211; offen f\u00fcr Vereine usw.- Samstag 03. 10. Absegeln, letzte Regatta Samstag 24. 10. Stegabbau  [&#8230;]<\/p>\n","protected":false},"author":1,"featured_media":0,"parent":0,"menu_order":0,"comment_status":"closed","ping_status":"closed","template":"","meta":{"footnotes":""},"class_list":["post-29","page","type-page","status-publish","hentry"],"yoast_head":"<!-- This site is optimized with the Yoast SEO plugin v26.0 - https:\/\/yoast.com\/wordpress\/plugins\/seo\/ -->\n<title>Termine - Bamberger Segelclub<\/title>\n<meta name=\"robots\" content=\"index, follow, max-snippet:-1, max-image-preview:large, max-video-preview:-1\" \/>\n<link rel=\"canonical\" href=\"https:\/\/bamberger-segelclub.de\/blog\/termine\/\" \/>\n<meta property=\"og:locale\" content=\"de_DE\" \/>\n<meta property=\"og:type\" content=\"article\" \/>\n<meta property=\"og:title\" content=\"Termine - Bamberger Segelclub\" \/>\n<meta property=\"og:description\" content=\"Termin\u00fcbersicht 2026 Hier die Terminank\u00fcndigungen f\u00fcr die Vereinsaktionen dieses Jahres: &nbsp; Bamberger Segelclub e.V. Samstag 28. 02. Clubabend \u2013 R\u00fcckblicke auf Segelt\u00f6rns des vergangenen Jahres Freitag 06. 03. Vollversammlung Samstag, 11. 04. Stegaufbau Sonntag, 12. 04.\u00a0 Ausbildungsinfoveranstaltung Samstag 18. 04. Arbeitseinsatz inkl. intensivere Bootspflege Samstag 25. 04. 1. Jahresregatta Samstag 17.05. 2. Regatta: der MAX-Cup! Sanstag 20.06. Kentertraining Samstag 27. 06. Mondscheinregatta \u2013 mit Grillen vorab Samstag 18. 07. Sommerfest mit 4. Jahresregatta Freitag 31.7. bis Sonntag 02. 08. Brombachsee-Wochenende Samstag\/Sonntag, 19.\/20. 09. Bamberg Open bzw. Bamberger Meisterschaft &#8211; offen f\u00fcr Vereine usw.- Samstag 03. 10. Absegeln, letzte Regatta Samstag 24. 10. Stegabbau [...]\" \/>\n<meta property=\"og:url\" content=\"https:\/\/bamberger-segelclub.de\/blog\/termine\/\" \/>\n<meta property=\"og:site_name\" content=\"Bamberger Segelclub\" \/>\n<meta property=\"article:modified_time\" content=\"2026-04-13T12:20:44+00:00\" \/>\n<meta name=\"twitter:card\" content=\"summary_large_image\" \/>\n<meta name=\"twitter:label1\" content=\"Gesch\u00e4tzte Lesezeit\" \/>\n\t<meta name=\"twitter:data1\" content=\"1\u00a0Minute\" \/>\n<script type=\"application\/ld+json\" class=\"yoast-schema-graph\">{\"@context\":\"https:\/\/schema.org\",\"@graph\":[{\"@type\":\"WebPage\",\"@id\":\"https:\/\/bamberger-segelclub.de\/blog\/termine\/\",\"url\":\"https:\/\/bamberger-segelclub.de\/blog\/termine\/\",\"name\":\"Termine - Bamberger Segelclub\",\"isPartOf\":{\"@id\":\"https:\/\/bamberger-segelclub.de\/blog\/#website\"},\"datePublished\":\"2019-05-26T23:59:54+00:00\",\"dateModified\":\"2026-04-13T12:20:44+00:00\",\"breadcrumb\":{\"@id\":\"https:\/\/bamberger-segelclub.de\/blog\/termine\/#breadcrumb\"},\"inLanguage\":\"de\",\"potentialAction\":[{\"@type\":\"ReadAction\",\"target\":[\"https:\/\/bamberger-segelclub.de\/blog\/termine\/\"]}]},{\"@type\":\"BreadcrumbList\",\"@id\":\"https:\/\/bamberger-segelclub.de\/blog\/termine\/#breadcrumb\",\"itemListElement\":[{\"@type\":\"ListItem\",\"position\":1,\"name\":\"Home\",\"item\":\"https:\/\/bamberger-segelclub.de\/blog\/\"},{\"@type\":\"ListItem\",\"position\":2,\"name\":\"Termine\"}]},{\"@type\":\"WebSite\",\"@id\":\"https:\/\/bamberger-segelclub.de\/blog\/#website\",\"url\":\"https:\/\/bamberger-segelclub.de\/blog\/\",\"name\":\"Bamberger Segelclub\",\"description\":\"Segeln und mehr!\",\"potentialAction\":[{\"@type\":\"SearchAction\",\"target\":{\"@type\":\"EntryPoint\",\"urlTemplate\":\"https:\/\/bamberger-segelclub.de\/blog\/?s={search_term_string}\"},\"query-input\":{\"@type\":\"PropertyValueSpecification\",\"valueRequired\":true,\"valueName\":\"search_term_string\"}}],\"inLanguage\":\"de\"}]}<\/script>\n<!-- \/ Yoast SEO plugin. -->","yoast_head_json":{"title":"Termine - Bamberger Segelclub","robots":{"index":"index","follow":"follow","max-snippet":"max-snippet:-1","max-image-preview":"max-image-preview:large","max-video-preview":"max-video-preview:-1"},"canonical":"https:\/\/bamberger-segelclub.de\/blog\/termine\/","og_locale":"de_DE","og_type":"article","og_title":"Termine - Bamberger Segelclub","og_description":"Termin\u00fcbersicht 2026 Hier die Terminank\u00fcndigungen f\u00fcr die Vereinsaktionen dieses Jahres: &nbsp; Bamberger Segelclub e.V. Samstag 28. 02. Clubabend \u2013 R\u00fcckblicke auf Segelt\u00f6rns des vergangenen Jahres Freitag 06. 03. Vollversammlung Samstag, 11. 04. Stegaufbau Sonntag, 12. 04.\u00a0 Ausbildungsinfoveranstaltung Samstag 18. 04. Arbeitseinsatz inkl. intensivere Bootspflege Samstag 25. 04. 1. Jahresregatta Samstag 17.05. 2. Regatta: der MAX-Cup! Sanstag 20.06. Kentertraining Samstag 27. 06. Mondscheinregatta \u2013 mit Grillen vorab Samstag 18. 07. Sommerfest mit 4. Jahresregatta Freitag 31.7. bis Sonntag 02. 08. Brombachsee-Wochenende Samstag\/Sonntag, 19.\/20. 09. Bamberg Open bzw. Bamberger Meisterschaft &#8211; offen f\u00fcr Vereine usw.- Samstag 03. 10. Absegeln, letzte Regatta Samstag 24. 10. Stegabbau [...]","og_url":"https:\/\/bamberger-segelclub.de\/blog\/termine\/","og_site_name":"Bamberger Segelclub","article_modified_time":"2026-04-13T12:20:44+00:00","twitter_card":"summary_large_image","twitter_misc":{"Gesch\u00e4tzte Lesezeit":"1\u00a0Minute"},"schema":{"@context":"https:\/\/schema.org","@graph":[{"@type":"WebPage","@id":"https:\/\/bamberger-segelclub.de\/blog\/termine\/","url":"https:\/\/bamberger-segelclub.de\/blog\/termine\/","name":"Termine - Bamberger Segelclub","isPartOf":{"@id":"https:\/\/bamberger-segelclub.de\/blog\/#website"},"datePublished":"2019-05-26T23:59:54+00:00","dateModified":"2026-04-13T12:20:44+00:00","breadcrumb":{"@id":"https:\/\/bamberger-segelclub.de\/blog\/termine\/#breadcrumb"},"inLanguage":"de","potentialAction":[{"@type":"ReadAction","target":["https:\/\/bamberger-segelclub.de\/blog\/termine\/"]}]},{"@type":"BreadcrumbList","@id":"https:\/\/bamberger-segelclub.de\/blog\/termine\/#breadcrumb","itemListElement":[{"@type":"ListItem","position":1,"name":"Home","item":"https:\/\/bamberger-segelclub.de\/blog\/"},{"@type":"ListItem","position":2,"name":"Termine"}]},{"@type":"WebSite","@id":"https:\/\/bamberger-segelclub.de\/blog\/#website","url":"https:\/\/bamberger-segelclub.de\/blog\/","name":"Bamberger Segelclub","description":"Segeln und mehr!","potentialAction":[{"@type":"SearchAction","target":{"@type":"EntryPoint","urlTemplate":"https:\/\/bamberger-segelclub.de\/blog\/?s={search_term_string}"},"query-input":{"@type":"PropertyValueSpecification","valueRequired":true,"valueName":"search_term_string"}}],"inLanguage":"de"}]}},"_links":{"self":[{"href":"https:\/\/bamberger-segelclub.de\/blog\/wp-json\/wp\/v2\/pages\/29","targetHints":{"allow":["GET"]}}],"collection":[{"href":"https:\/\/bamberger-segelclub.de\/blog\/wp-json\/wp\/v2\/pages"}],"about":[{"href":"https:\/\/bamberger-segelclub.de\/blog\/wp-json\/wp\/v2\/types\/page"}],"author":[{"embeddable":true,"href":"https:\/\/bamberger-segelclub.de\/blog\/wp-json\/wp\/v2\/users\/1"}],"replies":[{"embeddable":true,"href":"https:\/\/bamberger-segelclub.de\/blog\/wp-json\/wp\/v2\/comments?post=29"}],"version-history":[{"count":24,"href":"https:\/\/bamberger-segelclub.de\/blog\/wp-json\/wp\/v2\/pages\/29\/revisions"}],"predecessor-version":[{"id":4689,"href":"https:\/\/bamberger-segelclub.de\/blog\/wp-json\/wp\/v2\/pages\/29\/revisions\/4689"}],"wp:attachment":[{"href":"https:\/\/bamberger-segelclub.de\/blog\/wp-json\/wp\/v2\/media?parent=29"}],"curies":[{"name":"wp","href":"https:\/\/api.w.org\/{rel}","templated":true}]}}