{"id":32,"date":"2019-05-27T00:00:58","date_gmt":"2019-05-27T00:00:58","guid":{"rendered":"https:\/\/bamberger-segelclub.de\/blog\/?page_id=32"},"modified":"2025-01-03T12:28:21","modified_gmt":"2025-01-03T11:28:21","slug":"segeltraining-fuer-interessierte","status":"publish","type":"page","link":"https:\/\/bamberger-segelclub.de\/blog\/segeltraining-fuer-interessierte\/","title":{"rendered":"Segeltraining f\u00fcr Interessierte"},"content":{"rendered":"<h2><span class=\"subheading-category\">Segeltraining f\u00fcr Interessierte<\/span><\/h2>\n<div class=\"category-desc\">\n<p>Auch in dieser Saison gibt es wieder ein regelm\u00e4\u00dfig stattfindendes Segeltraining f\u00fcr Mitglieder und Freunde des BASC.<\/p>\n<p>Dabei sollen in entspannter und fr\u00f6hlicher Atmosph\u00e4re die allgemeine Bootsbeherrschung verbessert und die verschiedenen Techniken des Jollensegelns verfeinert werden. Dazu werden praktische \u00dcbungen und ggf. auch theoretische Erl\u00e4uterungen angeboten. Alle Interessierten, die den Spa\u00df am Segeln vielleicht auch wieder neu entdecken wollen sind herzlich eingeladen!<\/p>\n<\/div>\n<p>Dieses Jahr sind es zwei (evtl. drei) Trainingstermine!<\/p>\n<p>&nbsp;<\/p>\n<div>\n<h2 class=\"leading-2\">Termine 2025<\/h2>\n<\/div>\n<div class=\"items-leading\">\n<div class=\"leading-2\">\n<p>&nbsp;<\/p>\n<h3>21.06. |\u00a0\u00a014 Uhr<\/h3>\n<p data-pm-slice=\"1 1 []\">Segeln f\u00fcr Genie\u00dfer<br \/>\n\u201eSeniorensegeln&#8220;<\/p>\n<p>&nbsp;<\/p>\n<h3>28.06. | 12 Uhr<\/h3>\n<p data-pm-slice=\"1 1 []\">Kenter-Training<\/p>\n<p>&nbsp;<\/p>\n<h3>08.08. &#8211; 10.08.<\/h3>\n<p>Segeltraining \u2013 Wochenende auf dem Brombachsee<\/p>\n<p>&nbsp;<\/p>\n<p>&nbsp;<\/p>\n<p>&nbsp;<\/p>\n<\/div>\n<\/div>\n<div id=\"attachment_447\" style=\"width: 1034px\" class=\"wp-caption alignnone\"><img decoding=\"async\" aria-describedby=\"caption-attachment-447\" class=\"wp-image-447 size-large\" src=\"https:\/\/www.bamberger-segelclub.de\/blog\/wp-content\/uploads\/2020\/02\/Segeltraining-1024x768.jpg\" alt=\"\" width=\"1024\" height=\"768\" srcset=\"https:\/\/www.bamberger-segelclub.de\/blog\/wp-content\/uploads\/2020\/02\/Segeltraining-200x150.jpg 200w, https:\/\/www.bamberger-segelclub.de\/blog\/wp-content\/uploads\/2020\/02\/Segeltraining-300x225.jpg 300w, https:\/\/www.bamberger-segelclub.de\/blog\/wp-content\/uploads\/2020\/02\/Segeltraining-400x300.jpg 400w, https:\/\/www.bamberger-segelclub.de\/blog\/wp-content\/uploads\/2020\/02\/Segeltraining-600x450.jpg 600w, https:\/\/www.bamberger-segelclub.de\/blog\/wp-content\/uploads\/2020\/02\/Segeltraining-768x576.jpg 768w, https:\/\/www.bamberger-segelclub.de\/blog\/wp-content\/uploads\/2020\/02\/Segeltraining-800x600.jpg 800w, https:\/\/www.bamberger-segelclub.de\/blog\/wp-content\/uploads\/2020\/02\/Segeltraining-1024x768.jpg 1024w, https:\/\/www.bamberger-segelclub.de\/blog\/wp-content\/uploads\/2020\/02\/Segeltraining.jpg 1200w\" sizes=\"(max-width: 1024px) 100vw, 1024px\" \/><p id=\"caption-attachment-447\" class=\"wp-caption-text\">Segeltraining<\/p><\/div>\n<div class=\"items-leading\">\n<div class=\"leading-3\">\n<p>&nbsp;<\/p>\n<\/div>\n<\/div>\n","protected":false},"excerpt":{"rendered":"<p>Segeltraining f\u00fcr Interessierte Auch in dieser Saison gibt es wieder ein regelm\u00e4\u00dfig stattfindendes Segeltraining f\u00fcr Mitglieder und Freunde des BASC. Dabei sollen in entspannter und fr\u00f6hlicher Atmosph\u00e4re die allgemeine Bootsbeherrschung verbessert und die verschiedenen Techniken des Jollensegelns verfeinert werden. Dazu werden praktische \u00dcbungen und ggf. auch theoretische Erl\u00e4uterungen angeboten. Alle Interessierten, die den Spa\u00df am Segeln vielleicht auch wieder neu entdecken wollen sind herzlich eingeladen! Dieses Jahr sind es zwei (evtl. drei) Trainingstermine! &nbsp; Termine 2025 &nbsp; 21.06. |\u00a0\u00a014 Uhr Segeln f\u00fcr Genie\u00dfer \u201eSeniorensegeln&#8220; &nbsp; 28.06. | 12 Uhr Kenter-Training &nbsp; 08.08. &#8211; 10.08. Segeltraining \u2013 Wochenende auf dem Brombachsee &nbsp; &nbsp; &nbsp;  [&#8230;]<\/p>\n","protected":false},"author":1,"featured_media":0,"parent":0,"menu_order":0,"comment_status":"closed","ping_status":"closed","template":"","meta":{"footnotes":""},"class_list":["post-32","page","type-page","status-publish","hentry"],"yoast_head":"<!-- This site is optimized with the Yoast SEO plugin v26.0 - https:\/\/yoast.com\/wordpress\/plugins\/seo\/ -->\n<title>Segeltraining f\u00fcr Interessierte - Bamberger Segelclub<\/title>\n<meta name=\"robots\" content=\"index, follow, max-snippet:-1, max-image-preview:large, max-video-preview:-1\" \/>\n<link rel=\"canonical\" href=\"https:\/\/bamberger-segelclub.de\/blog\/segeltraining-fuer-interessierte\/\" \/>\n<meta property=\"og:locale\" content=\"de_DE\" \/>\n<meta property=\"og:type\" content=\"article\" \/>\n<meta property=\"og:title\" content=\"Segeltraining f\u00fcr Interessierte - Bamberger Segelclub\" \/>\n<meta property=\"og:description\" content=\"Segeltraining f\u00fcr Interessierte Auch in dieser Saison gibt es wieder ein regelm\u00e4\u00dfig stattfindendes Segeltraining f\u00fcr Mitglieder und Freunde des BASC. Dabei sollen in entspannter und fr\u00f6hlicher Atmosph\u00e4re die allgemeine Bootsbeherrschung verbessert und die verschiedenen Techniken des Jollensegelns verfeinert werden. Dazu werden praktische \u00dcbungen und ggf. auch theoretische Erl\u00e4uterungen angeboten. Alle Interessierten, die den Spa\u00df am Segeln vielleicht auch wieder neu entdecken wollen sind herzlich eingeladen! Dieses Jahr sind es zwei (evtl. drei) Trainingstermine! &nbsp; Termine 2025 &nbsp; 21.06. |\u00a0\u00a014 Uhr Segeln f\u00fcr Genie\u00dfer \u201eSeniorensegeln&#8220; &nbsp; 28.06. | 12 Uhr Kenter-Training &nbsp; 08.08. &#8211; 10.08. Segeltraining \u2013 Wochenende auf dem Brombachsee &nbsp; &nbsp; &nbsp; [...]\" \/>\n<meta property=\"og:url\" content=\"https:\/\/bamberger-segelclub.de\/blog\/segeltraining-fuer-interessierte\/\" \/>\n<meta property=\"og:site_name\" content=\"Bamberger Segelclub\" \/>\n<meta property=\"article:modified_time\" content=\"2025-01-03T11:28:21+00:00\" \/>\n<meta property=\"og:image\" content=\"https:\/\/www.bamberger-segelclub.de\/blog\/wp-content\/uploads\/2020\/02\/Segeltraining-1024x768.jpg\" \/>\n<meta name=\"twitter:card\" content=\"summary_large_image\" \/>\n<meta name=\"twitter:label1\" content=\"Gesch\u00e4tzte Lesezeit\" \/>\n\t<meta name=\"twitter:data1\" content=\"1\u00a0Minute\" \/>\n<script type=\"application\/ld+json\" class=\"yoast-schema-graph\">{\"@context\":\"https:\/\/schema.org\",\"@graph\":[{\"@type\":\"WebPage\",\"@id\":\"https:\/\/bamberger-segelclub.de\/blog\/segeltraining-fuer-interessierte\/\",\"url\":\"https:\/\/bamberger-segelclub.de\/blog\/segeltraining-fuer-interessierte\/\",\"name\":\"Segeltraining f\u00fcr Interessierte - Bamberger Segelclub\",\"isPartOf\":{\"@id\":\"https:\/\/bamberger-segelclub.de\/blog\/#website\"},\"primaryImageOfPage\":{\"@id\":\"https:\/\/bamberger-segelclub.de\/blog\/segeltraining-fuer-interessierte\/#primaryimage\"},\"image\":{\"@id\":\"https:\/\/bamberger-segelclub.de\/blog\/segeltraining-fuer-interessierte\/#primaryimage\"},\"thumbnailUrl\":\"https:\/\/www.bamberger-segelclub.de\/blog\/wp-content\/uploads\/2020\/02\/Segeltraining-1024x768.jpg\",\"datePublished\":\"2019-05-27T00:00:58+00:00\",\"dateModified\":\"2025-01-03T11:28:21+00:00\",\"breadcrumb\":{\"@id\":\"https:\/\/bamberger-segelclub.de\/blog\/segeltraining-fuer-interessierte\/#breadcrumb\"},\"inLanguage\":\"de\",\"potentialAction\":[{\"@type\":\"ReadAction\",\"target\":[\"https:\/\/bamberger-segelclub.de\/blog\/segeltraining-fuer-interessierte\/\"]}]},{\"@type\":\"ImageObject\",\"inLanguage\":\"de\",\"@id\":\"https:\/\/bamberger-segelclub.de\/blog\/segeltraining-fuer-interessierte\/#primaryimage\",\"url\":\"https:\/\/www.bamberger-segelclub.de\/blog\/wp-content\/uploads\/2020\/02\/Segeltraining-1024x768.jpg\",\"contentUrl\":\"https:\/\/www.bamberger-segelclub.de\/blog\/wp-content\/uploads\/2020\/02\/Segeltraining-1024x768.jpg\"},{\"@type\":\"BreadcrumbList\",\"@id\":\"https:\/\/bamberger-segelclub.de\/blog\/segeltraining-fuer-interessierte\/#breadcrumb\",\"itemListElement\":[{\"@type\":\"ListItem\",\"position\":1,\"name\":\"Home\",\"item\":\"https:\/\/bamberger-segelclub.de\/blog\/\"},{\"@type\":\"ListItem\",\"position\":2,\"name\":\"Segeltraining f\u00fcr Interessierte\"}]},{\"@type\":\"WebSite\",\"@id\":\"https:\/\/bamberger-segelclub.de\/blog\/#website\",\"url\":\"https:\/\/bamberger-segelclub.de\/blog\/\",\"name\":\"Bamberger Segelclub\",\"description\":\"Segeln und mehr!\",\"potentialAction\":[{\"@type\":\"SearchAction\",\"target\":{\"@type\":\"EntryPoint\",\"urlTemplate\":\"https:\/\/bamberger-segelclub.de\/blog\/?s={search_term_string}\"},\"query-input\":{\"@type\":\"PropertyValueSpecification\",\"valueRequired\":true,\"valueName\":\"search_term_string\"}}],\"inLanguage\":\"de\"}]}<\/script>\n<!-- \/ Yoast SEO plugin. -->","yoast_head_json":{"title":"Segeltraining f\u00fcr Interessierte - Bamberger Segelclub","robots":{"index":"index","follow":"follow","max-snippet":"max-snippet:-1","max-image-preview":"max-image-preview:large","max-video-preview":"max-video-preview:-1"},"canonical":"https:\/\/bamberger-segelclub.de\/blog\/segeltraining-fuer-interessierte\/","og_locale":"de_DE","og_type":"article","og_title":"Segeltraining f\u00fcr Interessierte - Bamberger Segelclub","og_description":"Segeltraining f\u00fcr Interessierte Auch in dieser Saison gibt es wieder ein regelm\u00e4\u00dfig stattfindendes Segeltraining f\u00fcr Mitglieder und Freunde des BASC. Dabei sollen in entspannter und fr\u00f6hlicher Atmosph\u00e4re die allgemeine Bootsbeherrschung verbessert und die verschiedenen Techniken des Jollensegelns verfeinert werden. Dazu werden praktische \u00dcbungen und ggf. auch theoretische Erl\u00e4uterungen angeboten. Alle Interessierten, die den Spa\u00df am Segeln vielleicht auch wieder neu entdecken wollen sind herzlich eingeladen! Dieses Jahr sind es zwei (evtl. drei) Trainingstermine! &nbsp; Termine 2025 &nbsp; 21.06. |\u00a0\u00a014 Uhr Segeln f\u00fcr Genie\u00dfer \u201eSeniorensegeln&#8220; &nbsp; 28.06. | 12 Uhr Kenter-Training &nbsp; 08.08. &#8211; 10.08. Segeltraining \u2013 Wochenende auf dem Brombachsee &nbsp; &nbsp; &nbsp; [...]","og_url":"https:\/\/bamberger-segelclub.de\/blog\/segeltraining-fuer-interessierte\/","og_site_name":"Bamberger Segelclub","article_modified_time":"2025-01-03T11:28:21+00:00","og_image":[{"url":"https:\/\/www.bamberger-segelclub.de\/blog\/wp-content\/uploads\/2020\/02\/Segeltraining-1024x768.jpg","type":"","width":"","height":""}],"twitter_card":"summary_large_image","twitter_misc":{"Gesch\u00e4tzte Lesezeit":"1\u00a0Minute"},"schema":{"@context":"https:\/\/schema.org","@graph":[{"@type":"WebPage","@id":"https:\/\/bamberger-segelclub.de\/blog\/segeltraining-fuer-interessierte\/","url":"https:\/\/bamberger-segelclub.de\/blog\/segeltraining-fuer-interessierte\/","name":"Segeltraining f\u00fcr Interessierte - Bamberger Segelclub","isPartOf":{"@id":"https:\/\/bamberger-segelclub.de\/blog\/#website"},"primaryImageOfPage":{"@id":"https:\/\/bamberger-segelclub.de\/blog\/segeltraining-fuer-interessierte\/#primaryimage"},"image":{"@id":"https:\/\/bamberger-segelclub.de\/blog\/segeltraining-fuer-interessierte\/#primaryimage"},"thumbnailUrl":"https:\/\/www.bamberger-segelclub.de\/blog\/wp-content\/uploads\/2020\/02\/Segeltraining-1024x768.jpg","datePublished":"2019-05-27T00:00:58+00:00","dateModified":"2025-01-03T11:28:21+00:00","breadcrumb":{"@id":"https:\/\/bamberger-segelclub.de\/blog\/segeltraining-fuer-interessierte\/#breadcrumb"},"inLanguage":"de","potentialAction":[{"@type":"ReadAction","target":["https:\/\/bamberger-segelclub.de\/blog\/segeltraining-fuer-interessierte\/"]}]},{"@type":"ImageObject","inLanguage":"de","@id":"https:\/\/bamberger-segelclub.de\/blog\/segeltraining-fuer-interessierte\/#primaryimage","url":"https:\/\/www.bamberger-segelclub.de\/blog\/wp-content\/uploads\/2020\/02\/Segeltraining-1024x768.jpg","contentUrl":"https:\/\/www.bamberger-segelclub.de\/blog\/wp-content\/uploads\/2020\/02\/Segeltraining-1024x768.jpg"},{"@type":"BreadcrumbList","@id":"https:\/\/bamberger-segelclub.de\/blog\/segeltraining-fuer-interessierte\/#breadcrumb","itemListElement":[{"@type":"ListItem","position":1,"name":"Home","item":"https:\/\/bamberger-segelclub.de\/blog\/"},{"@type":"ListItem","position":2,"name":"Segeltraining f\u00fcr Interessierte"}]},{"@type":"WebSite","@id":"https:\/\/bamberger-segelclub.de\/blog\/#website","url":"https:\/\/bamberger-segelclub.de\/blog\/","name":"Bamberger Segelclub","description":"Segeln und mehr!","potentialAction":[{"@type":"SearchAction","target":{"@type":"EntryPoint","urlTemplate":"https:\/\/bamberger-segelclub.de\/blog\/?s={search_term_string}"},"query-input":{"@type":"PropertyValueSpecification","valueRequired":true,"valueName":"search_term_string"}}],"inLanguage":"de"}]}},"_links":{"self":[{"href":"https:\/\/bamberger-segelclub.de\/blog\/wp-json\/wp\/v2\/pages\/32","targetHints":{"allow":["GET"]}}],"collection":[{"href":"https:\/\/bamberger-segelclub.de\/blog\/wp-json\/wp\/v2\/pages"}],"about":[{"href":"https:\/\/bamberger-segelclub.de\/blog\/wp-json\/wp\/v2\/types\/page"}],"author":[{"embeddable":true,"href":"https:\/\/bamberger-segelclub.de\/blog\/wp-json\/wp\/v2\/users\/1"}],"replies":[{"embeddable":true,"href":"https:\/\/bamberger-segelclub.de\/blog\/wp-json\/wp\/v2\/comments?post=32"}],"version-history":[{"count":13,"href":"https:\/\/bamberger-segelclub.de\/blog\/wp-json\/wp\/v2\/pages\/32\/revisions"}],"predecessor-version":[{"id":3301,"href":"https:\/\/bamberger-segelclub.de\/blog\/wp-json\/wp\/v2\/pages\/32\/revisions\/3301"}],"wp:attachment":[{"href":"https:\/\/bamberger-segelclub.de\/blog\/wp-json\/wp\/v2\/media?parent=32"}],"curies":[{"name":"wp","href":"https:\/\/api.w.org\/{rel}","templated":true}]}}